{"id":4417,"date":"2024-05-03T12:31:37","date_gmt":"2024-05-03T10:31:37","guid":{"rendered":"https:\/\/lapasserelle-coulon.fr\/?page_id=4417"},"modified":"2024-05-03T13:05:04","modified_gmt":"2024-05-03T11:05:04","slug":"politique-de-confidentialite-2","status":"publish","type":"page","link":"https:\/\/lapasserelle-coulon.fr\/index.php\/politique-de-confidentialite-2\/","title":{"rendered":"Politique de confidentialit\u00e9"},"content":{"rendered":"<p><strong>Politique de confidentialit\u00e9<\/strong><\/p>\n<p>Derni\u00e8re mise \u00e0 jour : 03\/05\/2024<\/p>\n<p>La SARL LE POULPE DU MARAIS (ci-apr\u00e8s \u00ab\u00a0nous\u00a0\u00bb, \u00ab\u00a0notre\u00a0\u00bb ou \u00ab\u00a0nos\u00a0\u00bb), situ\u00e9e \u00e0 2 CLAIRIAS, 79270 FRONTENAY-ROHAN-ROHAN, exploite le site web accessible \u00e0 l&rsquo;adresse https:\/\/lapasserelle-coulon.fr. Cette page vous informe de nos politiques concernant la collecte, l&rsquo;utilisation et la divulgation des informations personnelles que nous recevons des utilisateurs du site.<\/p>\n<p>Nous utilisons vos informations personnelles uniquement pour fournir et am\u00e9liorer le site. En utilisant le site, vous acceptez la collecte et l&rsquo;utilisation d&rsquo;informations conform\u00e9ment \u00e0 cette politique.<\/p>\n<p><strong>Collecte et utilisation des informations<\/strong><\/p>\n<p>Pendant que vous utilisez notre site, nous pouvons vous demander de nous fournir certaines informations personnelles identifiables qui peuvent \u00eatre utilis\u00e9es pour vous contacter ou vous identifier. Les informations personnelles identifiables peuvent inclure, mais ne se limitent pas \u00e0 votre nom (\u00ab\u00a0Informations personnelles\u00a0\u00bb).<\/p>\n<p><strong>Protection des donn\u00e9es<\/strong><\/p>\n<p>La s\u00e9curit\u00e9 de vos informations personnelles est importante pour nous, mais n&rsquo;oubliez pas qu&rsquo;aucune m\u00e9thode de transmission sur Internet ou m\u00e9thode de stockage \u00e9lectronique n&rsquo;est s\u00fbre \u00e0 100%. Bien que nous nous efforcions d&rsquo;utiliser des moyens commercialement acceptables pour prot\u00e9ger vos informations personnelles, nous ne pouvons garantir leur s\u00e9curit\u00e9 absolue.<\/p>\n<p><strong>Cookies<\/strong><\/p>\n<p>Les cookies sont des fichiers avec une petite quantit\u00e9 de donn\u00e9es, qui peuvent inclure un identifiant unique anonyme. Les cookies sont envoy\u00e9s \u00e0 votre navigateur \u00e0 partir d&rsquo;un site web et sont stock\u00e9s sur le disque dur de votre ordinateur.<\/p>\n<p>Comme de nombreux sites, nous utilisons des \u00ab\u00a0cookies\u00a0\u00bb pour collecter des informations. Vous pouvez demander \u00e0 votre navigateur de refuser tous les cookies ou de vous indiquer quand un cookie est envoy\u00e9. Cependant, si vous n&rsquo;acceptez pas les cookies, vous ne pourrez peut-\u00eatre pas utiliser certaines parties de notre site.<\/p>\n<p><strong>Modifications de cette politique de confidentialit\u00e9<\/strong><\/p>\n<p>Cette politique de confidentialit\u00e9 entre en vigueur \u00e0 compter de la date indiqu\u00e9e en haut de cette page et restera en vigueur sauf en ce qui concerne les modifications \u00e9ventuelles \u00e0 ses dispositions \u00e0 l&rsquo;avenir, qui seront en vigueur imm\u00e9diatement apr\u00e8s leur publication sur cette page.<\/p>\n<p>Nous nous r\u00e9servons le droit de mettre \u00e0 jour ou de modifier notre politique de confidentialit\u00e9 \u00e0 tout moment et vous devez consulter cette politique de confidentialit\u00e9 p\u00e9riodiquement. Votre utilisation continue du service apr\u00e8s la publication de toute modification apport\u00e9e \u00e0 la politique de confidentialit\u00e9 sur cette page constituera votre reconnaissance des modifications et votre consentement \u00e0 respecter et \u00e0 \u00eatre li\u00e9 par la politique de confidentialit\u00e9 modifi\u00e9e.<\/p>\n<p><strong>Contactez-nous<\/strong><\/p>\n<p>Si vous avez des questions concernant cette politique de confidentialit\u00e9, veuillez nous contacter \u00e0 contact@lapasserelle-coulon.fr<\/p>\n","protected":false},"excerpt":{"rendered":"<p>Politique de confidentialit\u00e9 Derni\u00e8re mise \u00e0 jour : 03\/05\/2024 La SARL LE POULPE DU MARAIS (ci-apr\u00e8s \u00ab\u00a0nous\u00a0\u00bb, \u00ab\u00a0notre\u00a0\u00bb ou \u00ab\u00a0nos\u00a0\u00bb), situ\u00e9e \u00e0 2 CLAIRIAS, 79270 FRONTENAY-ROHAN-ROHAN, exploite le site web&#8230; <a class=\"more-link\" href=\"https:\/\/lapasserelle-coulon.fr\/index.php\/politique-de-confidentialite-2\/\"><span class=\"button button-outline button-dark\" style=\"background-color: transparent;\"> read more <i class=\"fa fa-long-arrow-right\"><\/i><\/span><\/a><\/p>\n","protected":false},"author":1,"featured_media":0,"parent":0,"menu_order":1,"comment_status":"closed","ping_status":"closed","template":"page-templates\/template-no-sidebar.php","meta":{"footnotes":""},"class_list":["post-4417","page","type-page","status-publish","hentry"],"_links":{"self":[{"href":"https:\/\/lapasserelle-coulon.fr\/index.php\/wp-json\/wp\/v2\/pages\/4417","targetHints":{"allow":["GET"]}}],"collection":[{"href":"https:\/\/lapasserelle-coulon.fr\/index.php\/wp-json\/wp\/v2\/pages"}],"about":[{"href":"https:\/\/lapasserelle-coulon.fr\/index.php\/wp-json\/wp\/v2\/types\/page"}],"author":[{"embeddable":true,"href":"https:\/\/lapasserelle-coulon.fr\/index.php\/wp-json\/wp\/v2\/users\/1"}],"replies":[{"embeddable":true,"href":"https:\/\/lapasserelle-coulon.fr\/index.php\/wp-json\/wp\/v2\/comments?post=4417"}],"version-history":[{"count":3,"href":"https:\/\/lapasserelle-coulon.fr\/index.php\/wp-json\/wp\/v2\/pages\/4417\/revisions"}],"predecessor-version":[{"id":4419,"href":"https:\/\/lapasserelle-coulon.fr\/index.php\/wp-json\/wp\/v2\/pages\/4417\/revisions\/4419"}],"wp:attachment":[{"href":"https:\/\/lapasserelle-coulon.fr\/index.php\/wp-json\/wp\/v2\/media?parent=4417"}],"curies":[{"name":"wp","href":"https:\/\/api.w.org\/{rel}","templated":true}]}}